{"id":645,"date":"2026-03-20T15:13:10","date_gmt":"2026-03-20T14:13:10","guid":{"rendered":"https:\/\/svdtpribram.cz\/?page_id=645"},"modified":"2026-03-20T15:14:05","modified_gmt":"2026-03-20T14:14:05","slug":"vysledky","status":"publish","type":"page","link":"https:\/\/svdtpribram.cz\/en\/vysledky\/","title":{"rendered":"V\u00fdsledky"},"content":{"rendered":"<p>[et_pb_section bb_built=&#8220;1&#8243; fullwidth=&#8220;on&#8220; specialty=&#8220;off&#8220; next_background_color=&#8220;#000000&#8243;][et_pb_fullwidth_code admin_label=&#8220;results&#8220; _builder_version=&#8220;3.5.1&#8243;]&lt;section id=&#8220;vysledky&#8220; class=&#8220;svdt-section svdt-section&#8211;soft svdt-section&#8211;spacious&#8220;&gt;&lt;!&#8211; [et_pb_line_break_holder] &#8211;&gt; &lt;div class=&#8220;svdt-container&#8220;&gt;&lt;!&#8211; [et_pb_line_break_holder] &#8211;&gt;&lt;!&#8211; [et_pb_line_break_holder] &#8211;&gt; &lt;h2 class=&#8220;svdt-section-title&#8220;&gt;&lt;!&#8211; [et_pb_line_break_holder] &#8211;&gt; V\u00ddSLEDKY &lt;span&gt;SVATOHORSK\u00c9HO DOWNTOWNU 2025&lt;\/span&gt;&lt;!&#8211; [et_pb_line_break_holder] &#8211;&gt; &lt;\/h2&gt;&lt;!&#8211; [et_pb_line_break_holder] &#8211;&gt;&lt;!&#8211; [et_pb_line_break_holder] &#8211;&gt; &lt;p class=&#8220;svdt-section-sub&#8220;&gt;&lt;!&#8211; [et_pb_line_break_holder] &#8211;&gt; Celkov\u00e9 i pr\u016fb\u011b\u017en\u00e9 v\u00fdsledky z\u00e1vodu najde\u0161 n\u00ed\u017ee. Ofici\u00e1ln\u00ed v\u00fdsledky cel\u00e9 s\u00e9rie CUDS jsou dostupn\u00e9 tak\u00e9 na webu seri\u00e1lu.&lt;!&#8211; [et_pb_line_break_holder] &#8211;&gt; &lt;\/p&gt;&lt;!&#8211; [et_pb_line_break_holder] &#8211;&gt;&lt;!&#8211; [et_pb_line_break_holder] &#8211;&gt; &lt;div class=&#8220;svdt-buttons svdt-results-toplink&#8220;&gt;&lt;!&#8211; [et_pb_line_break_holder] &#8211;&gt; &lt;a class=&#8220;svdt-btn svdt-btn-primary&#8220; href=&#8220;https:\/\/www.cuds.cz\/content\/vysledky-7.php&#8220; target=&#8220;_blank&#8220; rel=&#8220;noopener&#8220;&gt;&lt;!&#8211; [et_pb_line_break_holder] &#8211;&gt; OFICI\u00c1LN\u00cd V\u00ddSLEDKY CUDS&lt;!&#8211; [et_pb_line_break_holder] &#8211;&gt; &lt;\/a&gt;&lt;!&#8211; [et_pb_line_break_holder] &#8211;&gt; &lt;\/div&gt;&lt;!&#8211; [et_pb_line_break_holder] &#8211;&gt;&lt;!&#8211; [et_pb_line_break_holder] &#8211;&gt; &lt;div class=&#8220;svdt-info-boxes svdt-results-boxes&#8220;&gt;&lt;!&#8211; [et_pb_line_break_holder] &#8211;&gt; &lt;div class=&#8220;svdt-info-box&#8220;&gt;&lt;!&#8211; [et_pb_line_break_holder] &#8211;&gt; &lt;h3&gt;Celkov\u00e9 po\u0159ad\u00ed&lt;\/h3&gt;&lt;!&#8211; [et_pb_line_break_holder] &#8211;&gt; &lt;p&gt;&lt;!&#8211; [et_pb_line_break_holder] &#8211;&gt; Kompletn\u00ed v\u00fdsledkov\u00e1 listina v\u0161ech jezdc\u016f.&lt;!&#8211; [et_pb_line_break_holder] &#8211;&gt; &lt;\/p&gt;&lt;!&#8211; [et_pb_line_break_holder] &#8211;&gt; &lt;div class=&#8220;svdt-box-actions&#8220;&gt;&lt;!&#8211; [et_pb_line_break_holder] &#8211;&gt; &lt;a class=&#8220;svdt-btn svdt-btn-primary&#8220; href=&#8220;http:\/\/www.svdtpribram.cz\/wp-content\/uploads\/2017\/06\/250524_Finalranking-all.pdf&#8220; target=&#8220;_blank&#8220; rel=&#8220;noopener&#8220;&gt;&lt;!&#8211; [et_pb_line_break_holder] &#8211;&gt; ST\u00c1HNOUT PDF&lt;!&#8211; [et_pb_line_break_holder] &#8211;&gt; &lt;\/a&gt;&lt;!&#8211; [et_pb_line_break_holder] &#8211;&gt; &lt;\/div&gt;&lt;!&#8211; [et_pb_line_break_holder] &#8211;&gt; &lt;\/div&gt;&lt;!&#8211; [et_pb_line_break_holder] &#8211;&gt;&lt;!&#8211; [et_pb_line_break_holder] &#8211;&gt; &lt;div class=&#8220;svdt-info-box&#8220;&gt;&lt;!&#8211; [et_pb_line_break_holder] &#8211;&gt; &lt;h3&gt;V\u00fdsledky podle kategori\u00ed&lt;\/h3&gt;&lt;!&#8211; [et_pb_line_break_holder] &#8211;&gt; &lt;p&gt;&lt;!&#8211; [et_pb_line_break_holder] &#8211;&gt; Samostatn\u00e9 po\u0159ad\u00ed z\u00e1vodn\u00edk\u016f podle jednotliv\u00fdch kategori\u00ed.&lt;!&#8211; [et_pb_line_break_holder] &#8211;&gt; &lt;\/p&gt;&lt;!&#8211; [et_pb_line_break_holder] &#8211;&gt; &lt;div class=&#8220;svdt-box-actions&#8220;&gt;&lt;!&#8211; [et_pb_line_break_holder] &#8211;&gt; &lt;a class=&#8220;svdt-btn svdt-btn-primary&#8220; href=&#8220;http:\/\/www.svdtpribram.cz\/wp-content\/uploads\/2017\/06\/250524_Pribram_Finalranking_Categories.pdf&#8220; target=&#8220;_blank&#8220; rel=&#8220;noopener&#8220;&gt;&lt;!&#8211; [et_pb_line_break_holder] &#8211;&gt; ST\u00c1HNOUT PDF&lt;!&#8211; [et_pb_line_break_holder] &#8211;&gt; &lt;\/a&gt;&lt;!&#8211; [et_pb_line_break_holder] &#8211;&gt; &lt;\/div&gt;&lt;!&#8211; [et_pb_line_break_holder] &#8211;&gt; &lt;\/div&gt;&lt;!&#8211; [et_pb_line_break_holder] &#8211;&gt;&lt;!&#8211; [et_pb_line_break_holder] &#8211;&gt; &lt;div class=&#8220;svdt-info-box&#8220;&gt;&lt;!&#8211; [et_pb_line_break_holder] &#8211;&gt; &lt;h3&gt;Startovn\u00ed listina 2. j\u00edzdy&lt;\/h3&gt;&lt;!&#8211; [et_pb_line_break_holder] &#8211;&gt; &lt;p&gt;&lt;!&#8211; [et_pb_line_break_holder] &#8211;&gt; Startovn\u00ed po\u0159ad\u00ed jezdc\u016f pro druhou z\u00e1vodn\u00ed j\u00edzdu.&lt;!&#8211; [et_pb_line_break_holder] &#8211;&gt; &lt;\/p&gt;&lt;!&#8211; [et_pb_line_break_holder] &#8211;&gt; &lt;div class=&#8220;svdt-box-actions&#8220;&gt;&lt;!&#8211; [et_pb_line_break_holder] &#8211;&gt; &lt;a class=&#8220;svdt-btn svdt-btn-primary&#8220; href=&#8220;http:\/\/www.svdtpribram.cz\/wp-content\/uploads\/2017\/06\/250524_Pribram_Startlist_Run2.pdf&#8220; target=&#8220;_blank&#8220; rel=&#8220;noopener&#8220;&gt;&lt;!&#8211; [et_pb_line_break_holder] &#8211;&gt; ST\u00c1HNOUT PDF&lt;!&#8211; [et_pb_line_break_holder] &#8211;&gt; &lt;\/a&gt;&lt;!&#8211; [et_pb_line_break_holder] &#8211;&gt; &lt;\/div&gt;&lt;!&#8211; [et_pb_line_break_holder] &#8211;&gt; &lt;\/div&gt;&lt;!&#8211; [et_pb_line_break_holder] &#8211;&gt;&lt;!&#8211; [et_pb_line_break_holder] &#8211;&gt; &lt;div class=&#8220;svdt-info-box&#8220;&gt;&lt;!&#8211; [et_pb_line_break_holder] &#8211;&gt; &lt;h3&gt;Startovn\u00ed listina&lt;\/h3&gt;&lt;!&#8211; [et_pb_line_break_holder] &#8211;&gt; &lt;p&gt;&lt;!&#8211; [et_pb_line_break_holder] &#8211;&gt; Z\u00e1kladn\u00ed startovn\u00ed listina z\u00e1vodu.&lt;!&#8211; [et_pb_line_break_holder] &#8211;&gt; &lt;\/p&gt;&lt;!&#8211; [et_pb_line_break_holder] &#8211;&gt; &lt;div class=&#8220;svdt-box-actions&#8220;&gt;&lt;!&#8211; [et_pb_line_break_holder] &#8211;&gt; &lt;a class=&#8220;svdt-btn svdt-btn-primary&#8220; href=&#8220;http:\/\/www.svdtpribram.cz\/wp-content\/uploads\/2017\/06\/250524_Pribram_Startlist.pdf&#8220; target=&#8220;_blank&#8220; rel=&#8220;noopener&#8220;&gt;&lt;!&#8211; [et_pb_line_break_holder] &#8211;&gt; ST\u00c1HNOUT PDF&lt;!&#8211; [et_pb_line_break_holder] &#8211;&gt; &lt;\/a&gt;&lt;!&#8211; [et_pb_line_break_holder] &#8211;&gt; &lt;\/div&gt;&lt;!&#8211; [et_pb_line_break_holder] &#8211;&gt; &lt;\/div&gt;&lt;!&#8211; [et_pb_line_break_holder] &#8211;&gt; &lt;\/div&gt;&lt;!&#8211; [et_pb_line_break_holder] &#8211;&gt;&lt;!&#8211; [et_pb_line_break_holder] &#8211;&gt; &lt;\/div&gt;&lt;!&#8211; [et_pb_line_break_holder] &#8211;&gt;&lt;\/section&gt;[\/et_pb_fullwidth_code][\/et_pb_section][et_pb_section bb_built=&#8220;1&#8243; fullwidth=&#8220;on&#8220; specialty=&#8220;off&#8220; global_module=&#8220;583&#8243; prev_background_color=&#8220;#000000&#8243;][et_pb_fullwidth_code admin_label=&#8220;footer&#8220; global_parent=&#8220;583&#8243; _builder_version=&#8220;3.5.1&#8243;]&lt;section class=&#8220;svdt-footer&#8220;&gt;&lt;!&#8211; [et_pb_line_break_holder] &#8211;&gt; &lt;div class=&#8220;svdt-container&#8220;&gt;&lt;!&#8211; [et_pb_line_break_holder] &#8211;&gt; &lt;div class=&#8220;svdt-footer-grid&#8220;&gt;&lt;!&#8211; [et_pb_line_break_holder] &#8211;&gt; &lt;div class=&#8220;svdt-footer-col&#8220;&gt;&lt;!&#8211; [et_pb_line_break_holder] &#8211;&gt; &lt;h4&gt;ORGANIZATION&lt;\/h4&gt;&lt;!&#8211; [et_pb_line_break_holder] &#8211;&gt;&lt;!&#8211; [et_pb_line_break_holder] &#8211;&gt; &lt;div class=&#8220;svdt-footer-org&#8220;&gt;&lt;!&#8211; [et_pb_line_break_holder] &#8211;&gt; &lt;strong&gt;COW\u00c1RNA z.s.&lt;\/strong&gt;&lt;!&#8211; [et_pb_line_break_holder] &#8211;&gt; &lt;\/div&gt;&lt;!&#8211; [et_pb_line_break_holder] &#8211;&gt;&lt;!&#8211; [et_pb_line_break_holder] &#8211;&gt; &lt;div class=&#8220;svdt-footer-item&#8220;&gt;&lt;!&#8211; [et_pb_line_break_holder] &#8211;&gt; \ud83d\udccd Komensk\u00e9ho n\u00e1m\u011bst\u00ed 389&lt;br&gt;&lt;!&#8211; [et_pb_line_break_holder] &#8211;&gt; P\u0159\u00edbram, Czech Republic&lt;!&#8211; [et_pb_line_break_holder] &#8211;&gt; &lt;\/div&gt;&lt;!&#8211; [et_pb_line_break_holder] &#8211;&gt;&lt;!&#8211; [et_pb_line_break_holder] &#8211;&gt; &lt;div class=&#8220;svdt-footer-item&#8220;&gt;&lt;!&#8211; [et_pb_line_break_holder] &#8211;&gt; \u2709 info@cowarna.cz&lt;!&#8211; [et_pb_line_break_holder] &#8211;&gt; &lt;\/div&gt;&lt;!&#8211; [et_pb_line_break_holder] &#8211;&gt;&lt;!&#8211; [et_pb_line_break_holder] &#8211;&gt; &lt;div class=&#8220;svdt-footer-item&#8220;&gt;&lt;!&#8211; [et_pb_line_break_holder] &#8211;&gt; \u260e +420 721 332 266&lt;!&#8211; [et_pb_line_break_holder] &#8211;&gt; &lt;\/div&gt;&lt;!&#8211; [et_pb_line_break_holder] &#8211;&gt; &lt;\/div&gt;&lt;!&#8211; [et_pb_line_break_holder] &#8211;&gt;&lt;!&#8211; [et_pb_line_break_holder] &#8211;&gt; &lt;div class=&#8220;svdt-footer-col&#8220;&gt;&lt;!&#8211; [et_pb_line_break_holder] &#8211;&gt; &lt;div class=&#8220;svdt-footer-org&#8220;&gt;&lt;!&#8211; [et_pb_line_break_holder] &#8211;&gt; \u0158editel z\u00e1vodu &#8211; &lt;strong&gt;Vojt\u011bch Hrach&lt;\/strong&gt;&lt;!&#8211; [et_pb_line_break_holder] &#8211;&gt; &lt;\/div&gt;&lt;!&#8211; [et_pb_line_break_holder] &#8211;&gt;&lt;!&#8211; [et_pb_line_break_holder] &#8211;&gt; &lt;p class=&#8220;svdt-footer-desc&#8220;&gt;&lt;!&#8211; [et_pb_line_break_holder] &#8211;&gt; Zodpov\u011bdn\u00fd za z\u00e1vod, tra\u0165, bezpe\u010dnost, technick\u00e9 zaji\u0161t\u011bn\u00ed.&lt;!&#8211; [et_pb_line_break_holder] &#8211;&gt; &lt;\/p&gt;&lt;!&#8211; [et_pb_line_break_holder] &#8211;&gt;&lt;!&#8211; [et_pb_line_break_holder] &#8211;&gt; &lt;div class=&#8220;svdt-footer-org&#8220;&gt;&lt;!&#8211; [et_pb_line_break_holder] &#8211;&gt; Partners, marketing, PR &#8211; &lt;strong&gt;Vlastimil \u0160evr&lt;\/strong&gt;&lt;!&#8211; [et_pb_line_break_holder] &#8211;&gt; &lt;\/div&gt;&lt;!&#8211; [et_pb_line_break_holder] &#8211;&gt;&lt;!&#8211; [et_pb_line_break_holder] &#8211;&gt; &lt;p class=&#8220;svdt-footer-desc&#8220;&gt;&lt;!&#8211; [et_pb_line_break_holder] &#8211;&gt; Zodpov\u011bdn\u00fd za celkovou komunikaci, partnery, ve\u0159ejnost.&lt;!&#8211; [et_pb_line_break_holder] &#8211;&gt; &lt;\/p&gt;&lt;!&#8211; [et_pb_line_break_holder] &#8211;&gt; &lt;\/div&gt;&lt;!&#8211; [et_pb_line_break_holder] &#8211;&gt;&lt;!&#8211; [et_pb_line_break_holder] &#8211;&gt; &lt;div class=&#8220;svdt-footer-col&#8220;&gt;&lt;!&#8211; [et_pb_line_break_holder] &#8211;&gt; &lt;h4&gt;FOLLOW US&lt;\/h4&gt;&lt;!&#8211; [et_pb_line_break_holder] &#8211;&gt;&lt;!&#8211; [et_pb_line_break_holder] &#8211;&gt; &lt;div class=&#8220;svdt-footer-social&#8220;&gt;&lt;!&#8211; [et_pb_line_break_holder] &#8211;&gt; &lt;a href=&#8220;#&#8220;&gt;&lt;i class=&#8220;fa-brands fa-instagram&#8220;&gt;&lt;\/i&gt;&lt;\/a&gt;&lt;!&#8211; [et_pb_line_break_holder] &#8211;&gt; &lt;a href=&#8220;#&#8220;&gt;&lt;i class=&#8220;fa-brands fa-facebook-f&#8220;&gt;&lt;\/i&gt;&lt;\/a&gt;&lt;!&#8211; [et_pb_line_break_holder] &#8211;&gt; &lt;a href=&#8220;#&#8220;&gt;&lt;i class=&#8220;fa-brands fa-youtube&#8220;&gt;&lt;\/i&gt;&lt;\/a&gt;&lt;!&#8211; [et_pb_line_break_holder] &#8211;&gt; &lt;\/div&gt;&lt;!&#8211; [et_pb_line_break_holder] &#8211;&gt; &lt;\/div&gt;&lt;!&#8211; [et_pb_line_break_holder] &#8211;&gt; &lt;\/div&gt;&lt;!&#8211; [et_pb_line_break_holder] &#8211;&gt;&lt;!&#8211; [et_pb_line_break_holder] &#8211;&gt; &lt;div class=&#8220;svdt-footer-bottom&#8220;&gt;&lt;!&#8211; [et_pb_line_break_holder] &#8211;&gt; &lt;div class=&#8220;svdt-footer-copy&#8220;&gt;&lt;!&#8211; [et_pb_line_break_holder] &#8211;&gt; \u00a9 2026 COW\u00c1RNA z.s. All rights reserved.&lt;!&#8211; [et_pb_line_break_holder] &#8211;&gt; &lt;\/div&gt;&lt;!&#8211; [et_pb_line_break_holder] &#8211;&gt;&lt;!&#8211; [et_pb_line_break_holder] &#8211;&gt; &lt;div class=&#8220;svdt-footer-design&#8220;&gt;&lt;!&#8211; [et_pb_line_break_holder] &#8211;&gt; DESIGNED FOR SPEED&lt;!&#8211; [et_pb_line_break_holder] &#8211;&gt; &lt;\/div&gt;&lt;!&#8211; [et_pb_line_break_holder] &#8211;&gt; &lt;\/div&gt;&lt;!&#8211; [et_pb_line_break_holder] &#8211;&gt; &lt;\/div&gt;&lt;!&#8211; [et_pb_line_break_holder] &#8211;&gt;&lt;\/section&gt;[\/et_pb_fullwidth_code][\/et_pb_section]<\/p>\n","protected":false},"excerpt":{"rendered":"<p>[et_pb_section bb_built=&#8220;1&#8243; fullwidth=&#8220;on&#8220; specialty=&#8220;off&#8220; next_background_color=&#8220;#000000&#8243;][et_pb_fullwidth_code admin_label=&#8220;results&#8220; _builder_version=&#8220;3.5.1&#8243;]&lt;section id=&#8220;vysledky&#8220; class=&#8220;svdt-section svdt-section&#8211;soft svdt-section&#8211;spacious&#8220;&gt;&lt;!&#8211; [et_pb_line_break_holder] &#8211;&gt; &lt;div class=&#8220;svdt-container&#8220;&gt;&lt;!&#8211; [et_pb_line_break_holder] &#8211;&gt;&lt;!&#8211; [et_pb_line_break_holder] &#8211;&gt; &lt;h2 class=&#8220;svdt-section-title&#8220;&gt;&lt;!&#8211; [et_pb_line_break_holder] &#8211;&gt; V\u00ddSLEDKY &lt;span&gt;SVATOHORSK\u00c9HO DOWNTOWNU 2025&lt;\/span&gt;&lt;!&#8211; [et_pb_line_break_holder] &#8211;&gt; &lt;\/h2&gt;&lt;!&#8211; [et_pb_line_break_holder] &#8211;&gt;&lt;!&#8211; [et_pb_line_break_holder] &#8211;&gt; &lt;p class=&#8220;svdt-section-sub&#8220;&gt;&lt;!&#8211; [et_pb_line_break_holder] &#8211;&gt; Celkov\u00e9 i pr\u016fb\u011b\u017en\u00e9 v\u00fdsledky z\u00e1vodu najde\u0161 n\u00ed\u017ee. Ofici\u00e1ln\u00ed v\u00fdsledky cel\u00e9 s\u00e9rie CUDS jsou dostupn\u00e9 tak\u00e9 na webu [&hellip;]<\/p>\n","protected":false},"author":1,"featured_media":0,"parent":0,"menu_order":0,"comment_status":"closed","ping_status":"closed","template":"","meta":{"footnotes":""},"class_list":["post-645","page","type-page","status-publish","hentry"],"_links":{"self":[{"href":"https:\/\/svdtpribram.cz\/en\/wp-json\/wp\/v2\/pages\/645","targetHints":{"allow":["GET"]}}],"collection":[{"href":"https:\/\/svdtpribram.cz\/en\/wp-json\/wp\/v2\/pages"}],"about":[{"href":"https:\/\/svdtpribram.cz\/en\/wp-json\/wp\/v2\/types\/page"}],"author":[{"embeddable":true,"href":"https:\/\/svdtpribram.cz\/en\/wp-json\/wp\/v2\/users\/1"}],"replies":[{"embeddable":true,"href":"https:\/\/svdtpribram.cz\/en\/wp-json\/wp\/v2\/comments?post=645"}],"version-history":[{"count":2,"href":"https:\/\/svdtpribram.cz\/en\/wp-json\/wp\/v2\/pages\/645\/revisions"}],"predecessor-version":[{"id":648,"href":"https:\/\/svdtpribram.cz\/en\/wp-json\/wp\/v2\/pages\/645\/revisions\/648"}],"wp:attachment":[{"href":"https:\/\/svdtpribram.cz\/en\/wp-json\/wp\/v2\/media?parent=645"}],"curies":[{"name":"wp","href":"https:\/\/api.w.org\/{rel}","templated":true}]}}