{"id":725,"date":"2026-03-20T15:55:44","date_gmt":"2026-03-20T14:55:44","guid":{"rendered":"https:\/\/svdtpribram.cz\/?page_id=725"},"modified":"2026-03-22T18:40:26","modified_gmt":"2026-03-22T17:40:26","slug":"kontakty","status":"publish","type":"page","link":"https:\/\/svdtpribram.cz\/en\/kontakty\/","title":{"rendered":"Contacts"},"content":{"rendered":"<p>[et_pb_section bb_built=&#8220;1&#8243; fullwidth=&#8220;on&#8220; specialty=&#8220;off&#8220; next_background_color=&#8220;#000000&#8243;][et_pb_fullwidth_code admin_label=&#8220;mapa&#8220; _builder_version=&#8220;3.5.1&#8243;]&lt;section id=&#8220;kontakt-start-cil&#8220; class=&#8220;svdt-section svdt-section&#8211;soft svdt-section&#8211;compact&#8220;&gt;&lt;!&#8211; [et_pb_line_break_holder] &#8211;&gt; &lt;div class=&#8220;svdt-container&#8220;&gt;&lt;!&#8211; [et_pb_line_break_holder] &#8211;&gt;&lt;!&#8211; [et_pb_line_break_holder] &#8211;&gt; &lt;h2 class=&#8220;svdt-section-title&#8220;&gt;&lt;!&#8211; [et_pb_line_break_holder] &#8211;&gt; START A &lt;span&gt;C\u00cdL Z\u00c1VODU&lt;\/span&gt;&lt;!&#8211; [et_pb_line_break_holder] &#8211;&gt; &lt;\/h2&gt;&lt;!&#8211; [et_pb_line_break_holder] &#8211;&gt;&lt;!&#8211; [et_pb_line_break_holder] &#8211;&gt; &lt;p class=&#8220;svdt-section-sub&#8220;&gt;&lt;!&#8211; [et_pb_line_break_holder] &#8211;&gt; V map\u011b n\u00ed\u017ee je zobrazen\u00fd prostor startu na Svat\u00e9 Ho\u0159e a c\u00edl z\u00e1vodu v Pra\u017esk\u00e9 ulici.&lt;!&#8211; [et_pb_line_break_holder] &#8211;&gt; &lt;\/p&gt;&lt;!&#8211; [et_pb_line_break_holder] &#8211;&gt;&lt;!&#8211; [et_pb_line_break_holder] &#8211;&gt; &lt;div class=&#8220;svdt-riders-split&#8220;&gt;&lt;!&#8211; [et_pb_line_break_holder] &#8211;&gt; &lt;div class=&#8220;svdt-transport-box svdt-map-box&#8220;&gt;&lt;!&#8211; [et_pb_line_break_holder] &#8211;&gt; &lt;iframe&lt;!&#8211; [et_pb_line_break_holder] &#8211;&gt; src=&#8220;https:\/\/www.google.com\/maps?q=49.685035,14.019763&amp;z=15&amp;output=embed&#8220;&lt;!&#8211; [et_pb_line_break_holder] &#8211;&gt; width=&#8220;100%&#8220;&lt;!&#8211; [et_pb_line_break_holder] &#8211;&gt; height=&#8220;420&#8243;&lt;!&#8211; [et_pb_line_break_holder] &#8211;&gt; style=&#8220;border:0;&#8220;&lt;!&#8211; [et_pb_line_break_holder] &#8211;&gt; allowfullscreen=&#8220;&#8220;&lt;!&#8211; [et_pb_line_break_holder] &#8211;&gt; loading=&#8220;lazy&#8220;&lt;!&#8211; [et_pb_line_break_holder] &#8211;&gt; referrerpolicy=&#8220;no-referrer-when-downgrade&#8220;&gt;&lt;!&#8211; [et_pb_line_break_holder] &#8211;&gt; &lt;\/iframe&gt;&lt;!&#8211; [et_pb_line_break_holder] &#8211;&gt; &lt;\/div&gt;&lt;!&#8211; [et_pb_line_break_holder] &#8211;&gt;&lt;!&#8211; [et_pb_line_break_holder] &#8211;&gt; &lt;div class=&#8220;svdt-transport-box&#8220;&gt;&lt;!&#8211; [et_pb_line_break_holder] &#8211;&gt; &lt;h3&gt;Orienta\u010dn\u00ed body&lt;\/h3&gt;&lt;!&#8211; [et_pb_line_break_holder] &#8211;&gt;&lt;!&#8211; [et_pb_line_break_holder] &#8211;&gt; &lt;p&gt;&lt;!&#8211; [et_pb_line_break_holder] &#8211;&gt; &lt;strong&gt;Start \u2013 Svat\u00e1 Hora&lt;\/strong&gt;&lt;br&gt;&lt;!&#8211; [et_pb_line_break_holder] &#8211;&gt; 49.685035, 14.019763&lt;!&#8211; [et_pb_line_break_holder] &#8211;&gt; &lt;\/p&gt;&lt;!&#8211; [et_pb_line_break_holder] &#8211;&gt;&lt;!&#8211; [et_pb_line_break_holder] &#8211;&gt; &lt;p&gt;&lt;!&#8211; [et_pb_line_break_holder] &#8211;&gt; &lt;strong&gt;C\u00edl \u2013 Pra\u017esk\u00e1 ulice&lt;\/strong&gt;&lt;br&gt;&lt;!&#8211; [et_pb_line_break_holder] &#8211;&gt; 49.688615, 14.012160&lt;!&#8211; [et_pb_line_break_holder] &#8211;&gt; &lt;\/p&gt;&lt;!&#8211; [et_pb_line_break_holder] &#8211;&gt;&lt;!&#8211; [et_pb_line_break_holder] &#8211;&gt; &lt;h3 class=&#8220;svdt-riders-subtitle&#8220;&gt;Rychl\u00e9 odkazy&lt;\/h3&gt;&lt;!&#8211; [et_pb_line_break_holder] &#8211;&gt;&lt;!&#8211; [et_pb_line_break_holder] &#8211;&gt; &lt;div class=&#8220;svdt-buttons&#8220;&gt;&lt;!&#8211; [et_pb_line_break_holder] &#8211;&gt; &lt;a class=&#8220;svdt-btn svdt-btn-primary&#8220; href=&#8220;https:\/\/maps.google.com\/?q=49.685035,14.019763&#8243; target=&#8220;_blank&#8220; rel=&#8220;noopener&#8220;&gt;&lt;!&#8211; [et_pb_line_break_holder] &#8211;&gt; OTEV\u0158\u00cdT START&lt;!&#8211; [et_pb_line_break_holder] &#8211;&gt; &lt;\/a&gt;&lt;!&#8211; [et_pb_line_break_holder] &#8211;&gt;&lt;!&#8211; [et_pb_line_break_holder] &#8211;&gt; &lt;a class=&#8220;svdt-btn svdt-btn-outline&#8220; href=&#8220;https:\/\/maps.google.com\/?q=49.688615,14.012160&#8243; target=&#8220;_blank&#8220; rel=&#8220;noopener&#8220;&gt;&lt;!&#8211; [et_pb_line_break_holder] &#8211;&gt; OTEV\u0158\u00cdT C\u00cdL&lt;!&#8211; [et_pb_line_break_holder] &#8211;&gt; &lt;\/a&gt;&lt;!&#8211; [et_pb_line_break_holder] &#8211;&gt; &lt;\/div&gt;&lt;!&#8211; [et_pb_line_break_holder] &#8211;&gt; &lt;\/div&gt;&lt;!&#8211; [et_pb_line_break_holder] &#8211;&gt; &lt;\/div&gt;&lt;!&#8211; [et_pb_line_break_holder] &#8211;&gt;&lt;!&#8211; [et_pb_line_break_holder] &#8211;&gt; &lt;\/div&gt;&lt;!&#8211; [et_pb_line_break_holder] &#8211;&gt;&lt;\/section&gt;[\/et_pb_fullwidth_code][et_pb_fullwidth_code admin_label=&#8220;kontakty&#8220; _builder_version=&#8220;3.5.1&#8243;]&lt;section id=&#8220;kontakty-page&#8220; class=&#8220;svdt-section svdt-section&#8211;soft svdt-section&#8211;spacious&#8220;&gt;&lt;!&#8211; [et_pb_line_break_holder] &#8211;&gt; &lt;div class=&#8220;svdt-container&#8220;&gt;&lt;!&#8211; [et_pb_line_break_holder] &#8211;&gt;&lt;!&#8211; [et_pb_line_break_holder] &#8211;&gt; &lt;h2 class=&#8220;svdt-section-title&#8220;&gt;&lt;!&#8211; [et_pb_line_break_holder] &#8211;&gt; KONTAKTY &lt;span&gt;A ORGANIZACE&lt;\/span&gt;&lt;!&#8211; [et_pb_line_break_holder] &#8211;&gt; &lt;\/h2&gt;&lt;!&#8211; [et_pb_line_break_holder] &#8211;&gt;&lt;!&#8211; [et_pb_line_break_holder] &#8211;&gt; &lt;p class=&#8220;svdt-section-sub&#8220;&gt;&lt;!&#8211; [et_pb_line_break_holder] &#8211;&gt; Pot\u0159ebuje\u0161 se na n\u011bco zeptat ohledn\u011b z\u00e1vodu, partnerstv\u00ed, registrace nebo organizace? Tady najde\u0161 hlavn\u00ed kontakty na po\u0159adatele i odpov\u011bdn\u00e9 osoby.&lt;!&#8211; [et_pb_line_break_holder] &#8211;&gt; &lt;\/p&gt;&lt;!&#8211; [et_pb_line_break_holder] &#8211;&gt;&lt;!&#8211; [et_pb_line_break_holder] &#8211;&gt; &lt;div class=&#8220;svdt-riders-split&#8220;&gt;&lt;!&#8211; [et_pb_line_break_holder] &#8211;&gt; &lt;div class=&#8220;svdt-transport-box&#8220;&gt;&lt;!&#8211; [et_pb_line_break_holder] &#8211;&gt; &lt;h3&gt;Po\u0159adatel&lt;\/h3&gt;&lt;!&#8211; [et_pb_line_break_holder] &#8211;&gt;&lt;!&#8211; [et_pb_line_break_holder] &#8211;&gt; &lt;p&gt;&lt;!&#8211; [et_pb_line_break_holder] &#8211;&gt; &lt;strong&gt;COW\u00c1RNA, z.s.&lt;\/strong&gt;&lt;br&gt;&lt;!&#8211; [et_pb_line_break_holder] &#8211;&gt; Komensk\u00e9ho n\u00e1m\u011bst\u00ed 389&lt;br&gt;&lt;!&#8211; [et_pb_line_break_holder] &#8211;&gt; 261 01 P\u0159\u00edbram&lt;!&#8211; [et_pb_line_break_holder] &#8211;&gt; &lt;\/p&gt;&lt;!&#8211; [et_pb_line_break_holder] &#8211;&gt;&lt;!&#8211; [et_pb_line_break_holder] &#8211;&gt; &lt;p&gt;&lt;!&#8211; [et_pb_line_break_holder] &#8211;&gt; &lt;strong&gt;I\u010c:&lt;\/strong&gt; 05803659&lt;br&gt;&lt;!&#8211; [et_pb_line_break_holder] &#8211;&gt; &lt;strong&gt;\u010c. \u00fa.:&lt;\/strong&gt; 2001195208 \/ 2010&lt;!&#8211; [et_pb_line_break_holder] &#8211;&gt; &lt;\/p&gt;&lt;!&#8211; [et_pb_line_break_holder] &#8211;&gt;&lt;!&#8211; [et_pb_line_break_holder] &#8211;&gt; &lt;p&gt;&lt;!&#8211; [et_pb_line_break_holder] &#8211;&gt; &lt;strong&gt;E-mail:&lt;\/strong&gt; info@svdtpribram.cz&lt;br&gt;&lt;!&#8211; [et_pb_line_break_holder] &#8211;&gt; &lt;strong&gt;Telefon:&lt;\/strong&gt; +420 721 332 266&lt;!&#8211; [et_pb_line_break_holder] &#8211;&gt; &lt;\/p&gt;&lt;!&#8211; [et_pb_line_break_holder] &#8211;&gt; &lt;\/div&gt;&lt;!&#8211; [et_pb_line_break_holder] &#8211;&gt;&lt;!&#8211; [et_pb_line_break_holder] &#8211;&gt; &lt;div class=&#8220;svdt-transport-box&#8220;&gt;&lt;!&#8211; [et_pb_line_break_holder] &#8211;&gt; &lt;h3&gt;Hlavn\u00ed organiz\u00e1to\u0159i&lt;\/h3&gt;&lt;!&#8211; [et_pb_line_break_holder] &#8211;&gt;&lt;!&#8211; [et_pb_line_break_holder] &#8211;&gt; &lt;p&gt;&lt;!&#8211; [et_pb_line_break_holder] &#8211;&gt; &lt;strong&gt;Vojt\u011bch Hrach&lt;\/strong&gt;&lt;br&gt;&lt;!&#8211; [et_pb_line_break_holder] &#8211;&gt; \u0159editel z\u00e1vodu&lt;!&#8211; [et_pb_line_break_holder] &#8211;&gt; &lt;\/p&gt;&lt;!&#8211; [et_pb_line_break_holder] &#8211;&gt;&lt;!&#8211; [et_pb_line_break_holder] &#8211;&gt; &lt;p&gt;&lt;!&#8211; [et_pb_line_break_holder] &#8211;&gt; &lt;strong&gt;Vlastimil \u0160evr&lt;\/strong&gt;&lt;br&gt;&lt;!&#8211; [et_pb_line_break_holder] &#8211;&gt; komunikace, marketing, PR&lt;!&#8211; [et_pb_line_break_holder] &#8211;&gt; &lt;\/p&gt;&lt;!&#8211; [et_pb_line_break_holder] &#8211;&gt;&lt;!&#8211; [et_pb_line_break_holder] &#8211;&gt; &lt;h3 class=&#8220;svdt-riders-subtitle&#8220;&gt;Sledujte n\u00e1s&lt;\/h3&gt;&lt;!&#8211; [et_pb_line_break_holder] &#8211;&gt;&lt;!&#8211; [et_pb_line_break_holder] &#8211;&gt; &lt;div class=&#8220;svdt-footer-social&#8220;&gt;&lt;!&#8211; [et_pb_line_break_holder] &#8211;&gt; &lt;a href=&#8220;https:\/\/www.instagram.com\/svdt_pribram\/&#8220; target=&#8220;_blank&#8220; rel=&#8220;noopener&#8220; aria-label=&#8220;Instagram&#8220;&gt;&lt;!&#8211; [et_pb_line_break_holder] &#8211;&gt; &lt;i class=&#8220;fa-brands fa-instagram&#8220;&gt;&lt;\/i&gt;&lt;!&#8211; [et_pb_line_break_holder] &#8211;&gt; &lt;\/a&gt;&lt;!&#8211; [et_pb_line_break_holder] &#8211;&gt;&lt;!&#8211; [et_pb_line_break_holder] &#8211;&gt; &lt;a href=&#8220;https:\/\/www.facebook.com\/SVDTPribram&#8220; target=&#8220;_blank&#8220; rel=&#8220;noopener&#8220; aria-label=&#8220;Facebook&#8220;&gt;&lt;!&#8211; [et_pb_line_break_holder] &#8211;&gt; &lt;i class=&#8220;fa-brands fa-facebook-f&#8220;&gt;&lt;\/i&gt;&lt;!&#8211; [et_pb_line_break_holder] &#8211;&gt; &lt;\/a&gt;&lt;!&#8211; [et_pb_line_break_holder] &#8211;&gt;&lt;!&#8211; [et_pb_line_break_holder] &#8211;&gt; &lt;a href=&#8220;mailto:info@svdtpribram.cz&#8220; aria-label=&#8220;E-mail&#8220;&gt;&lt;!&#8211; [et_pb_line_break_holder] &#8211;&gt; &lt;i class=&#8220;fa-regular fa-envelope&#8220;&gt;&lt;\/i&gt;&lt;!&#8211; [et_pb_line_break_holder] &#8211;&gt; &lt;\/a&gt;&lt;!&#8211; [et_pb_line_break_holder] &#8211;&gt; &lt;\/div&gt;&lt;!&#8211; [et_pb_line_break_holder] &#8211;&gt; &lt;\/div&gt;&lt;!&#8211; [et_pb_line_break_holder] &#8211;&gt; &lt;\/div&gt;&lt;!&#8211; [et_pb_line_break_holder] &#8211;&gt;&lt;!&#8211; [et_pb_line_break_holder] &#8211;&gt; &lt;\/div&gt;&lt;!&#8211; [et_pb_line_break_holder] &#8211;&gt;&lt;\/section&gt;&lt;!&#8211; [et_pb_line_break_holder] &#8211;&gt;[\/et_pb_fullwidth_code][\/et_pb_section][et_pb_section bb_built=&#8220;1&#8243; fullwidth=&#8220;on&#8220; specialty=&#8220;off&#8220; prev_background_color=&#8220;#000000&#8243; global_module=&#8220;583&#8243;][et_pb_fullwidth_code admin_label=&#8220;footer&#8220; global_parent=&#8220;583&#8243; _builder_version=&#8220;3.5.1&#8243;]&lt;section class=&#8220;svdt-footer&#8220;&gt;&lt;!&#8211; [et_pb_line_break_holder] &#8211;&gt; &lt;div class=&#8220;svdt-container&#8220;&gt;&lt;!&#8211; [et_pb_line_break_holder] &#8211;&gt; &lt;div class=&#8220;svdt-footer-grid&#8220;&gt;&lt;!&#8211; [et_pb_line_break_holder] &#8211;&gt; &lt;div class=&#8220;svdt-footer-col&#8220;&gt;&lt;!&#8211; [et_pb_line_break_holder] &#8211;&gt; &lt;h4&gt;ORGANIZACE&lt;\/h4&gt;&lt;!&#8211; [et_pb_line_break_holder] &#8211;&gt;&lt;!&#8211; [et_pb_line_break_holder] &#8211;&gt; &lt;div class=&#8220;svdt-footer-org&#8220;&gt;&lt;!&#8211; [et_pb_line_break_holder] &#8211;&gt; &lt;strong&gt;COW\u00c1RNA z.s.&lt;\/strong&gt;&lt;!&#8211; [et_pb_line_break_holder] &#8211;&gt; &lt;\/div&gt;&lt;!&#8211; [et_pb_line_break_holder] &#8211;&gt;&lt;!&#8211; [et_pb_line_break_holder] &#8211;&gt; &lt;div class=&#8220;svdt-footer-item&#8220;&gt;&lt;!&#8211; [et_pb_line_break_holder] &#8211;&gt; &lt;img draggable=&#8220;false&#8220; role=&#8220;img&#8220; class=&#8220;emoji&#8220; alt=&#8220;\ud83d\udccd&#8220; src=&#8220;https:\/\/s.w.org\/images\/core\/emoji\/17.0.2\/svg\/1f4cd.svg&#8220;&gt;&lt;!&#8211; [et_pb_line_break_holder] &#8211;&gt; Komensk\u00e9ho n\u00e1m\u011bst\u00ed 389&lt;br&gt;&lt;!&#8211; [et_pb_line_break_holder] &#8211;&gt; P\u0159\u00edbram, Czech Republic&lt;!&#8211; [et_pb_line_break_holder] &#8211;&gt; &lt;\/div&gt;&lt;!&#8211; [et_pb_line_break_holder] &#8211;&gt;&lt;!&#8211; [et_pb_line_break_holder] &#8211;&gt; &lt;div class=&#8220;svdt-footer-item&#8220;&gt;&lt;!&#8211; [et_pb_line_break_holder] &#8211;&gt; &lt;img draggable=&#8220;false&#8220; role=&#8220;img&#8220; class=&#8220;emoji&#8220; alt=&#8220;\u2709&#8220; src=&#8220;https:\/\/s.w.org\/images\/core\/emoji\/17.0.2\/svg\/2709.svg&#8220;&gt;&lt;!&#8211; [et_pb_line_break_holder] &#8211;&gt; info@svdtpribram.cz&lt;!&#8211; [et_pb_line_break_holder] &#8211;&gt; &lt;\/div&gt;&lt;!&#8211; [et_pb_line_break_holder] &#8211;&gt;&lt;!&#8211; [et_pb_line_break_holder] &#8211;&gt; &lt;div class=&#8220;svdt-footer-item&#8220;&gt;&lt;!&#8211; [et_pb_line_break_holder] &#8211;&gt; &lt;img draggable=&#8220;false&#8220; role=&#8220;img&#8220; class=&#8220;emoji&#8220; alt=&#8220;\u260e&#8220; src=&#8220;https:\/\/s.w.org\/images\/core\/emoji\/17.0.2\/svg\/260e.svg&#8220;&gt;&lt;!&#8211; [et_pb_line_break_holder] &#8211;&gt; +420 721 332 266&lt;!&#8211; [et_pb_line_break_holder] &#8211;&gt; &lt;\/div&gt;&lt;!&#8211; [et_pb_line_break_holder] &#8211;&gt; &lt;\/div&gt;&lt;!&#8211; [et_pb_line_break_holder] &#8211;&gt;&lt;!&#8211; [et_pb_line_break_holder] &#8211;&gt; &lt;div class=&#8220;svdt-footer-col&#8220;&gt;&lt;!&#8211; [et_pb_line_break_holder] &#8211;&gt; &lt;div class=&#8220;svdt-footer-org&#8220;&gt;&lt;!&#8211; [et_pb_line_break_holder] &#8211;&gt; \u0158editel z\u00e1vodu \u2013 &lt;strong&gt;Vojt\u011bch Hrach&lt;\/strong&gt;&lt;!&#8211; [et_pb_line_break_holder] &#8211;&gt; &lt;\/div&gt;&lt;!&#8211; [et_pb_line_break_holder] &#8211;&gt;&lt;!&#8211; [et_pb_line_break_holder] &#8211;&gt; &lt;p class=&#8220;svdt-footer-desc&#8220;&gt;&lt;!&#8211; [et_pb_line_break_holder] &#8211;&gt; Zodpov\u011bdn\u00fd za z\u00e1vod, tra\u0165, bezpe\u010dnost a technick\u00e9 zaji\u0161t\u011bn\u00ed.&lt;!&#8211; [et_pb_line_break_holder] &#8211;&gt; &lt;\/p&gt;&lt;!&#8211; [et_pb_line_break_holder] &#8211;&gt;&lt;!&#8211; [et_pb_line_break_holder] &#8211;&gt; &lt;div class=&#8220;svdt-footer-org&#8220;&gt;&lt;!&#8211; [et_pb_line_break_holder] &#8211;&gt; Partne\u0159i, marketing, PR \u2013 &lt;strong&gt;Vlastimil \u0160evr&lt;\/strong&gt;&lt;!&#8211; [et_pb_line_break_holder] &#8211;&gt; &lt;\/div&gt;&lt;!&#8211; [et_pb_line_break_holder] &#8211;&gt;&lt;!&#8211; [et_pb_line_break_holder] &#8211;&gt; &lt;p class=&#8220;svdt-footer-desc&#8220;&gt;&lt;!&#8211; [et_pb_line_break_holder] &#8211;&gt; Zodpov\u011bdn\u00fd za celkovou komunikaci, partnery a ve\u0159ejnost.&lt;!&#8211; [et_pb_line_break_holder] &#8211;&gt; &lt;\/p&gt;&lt;!&#8211; [et_pb_line_break_holder] &#8211;&gt; &lt;\/div&gt;&lt;!&#8211; [et_pb_line_break_holder] &#8211;&gt;&lt;!&#8211; [et_pb_line_break_holder] &#8211;&gt; &lt;div class=&#8220;svdt-footer-col&#8220;&gt;&lt;!&#8211; [et_pb_line_break_holder] &#8211;&gt; &lt;h4&gt;SLEDUJ N\u00c1S&lt;\/h4&gt;&lt;!&#8211; [et_pb_line_break_holder] &#8211;&gt;&lt;!&#8211; [et_pb_line_break_holder] &#8211;&gt; &lt;div class=&#8220;svdt-footer-social&#8220;&gt;&lt;!&#8211; [et_pb_line_break_holder] &#8211;&gt; &lt;a href=&#8220;https:\/\/www.instagram.com\/svdt_pribram\/&#8220; target=&#8220;_blank&#8220; rel=&#8220;noopener&#8220; aria-label=&#8220;Instagram&#8220;&gt;&lt;!&#8211; [et_pb_line_break_holder] &#8211;&gt; &lt;i class=&#8220;fa-brands fa-instagram&#8220;&gt;&lt;\/i&gt;&lt;!&#8211; [et_pb_line_break_holder] &#8211;&gt; &lt;\/a&gt;&lt;!&#8211; [et_pb_line_break_holder] &#8211;&gt;&lt;!&#8211; [et_pb_line_break_holder] &#8211;&gt; &lt;a href=&#8220;https:\/\/www.facebook.com\/SVDTPribram&#8220; target=&#8220;_blank&#8220; rel=&#8220;noopener&#8220; aria-label=&#8220;Facebook&#8220;&gt;&lt;!&#8211; [et_pb_line_break_holder] &#8211;&gt; &lt;i class=&#8220;fa-brands fa-facebook-f&#8220;&gt;&lt;\/i&gt;&lt;!&#8211; [et_pb_line_break_holder] &#8211;&gt; &lt;\/a&gt;&lt;!&#8211; [et_pb_line_break_holder] &#8211;&gt;&lt;!&#8211; [et_pb_line_break_holder] &#8211;&gt; &lt;a href=&#8220;https:\/\/youtu.be\/R0Iw5PgA6fk&#8220; target=&#8220;_blank&#8220; rel=&#8220;noopener&#8220; aria-label=&#8220;YouTube&#8220;&gt;&lt;!&#8211; [et_pb_line_break_holder] &#8211;&gt; &lt;i class=&#8220;fa-brands fa-youtube&#8220;&gt;&lt;\/i&gt;&lt;!&#8211; [et_pb_line_break_holder] &#8211;&gt; &lt;\/a&gt;&lt;!&#8211; [et_pb_line_break_holder] &#8211;&gt; &lt;\/div&gt;&lt;!&#8211; [et_pb_line_break_holder] &#8211;&gt; &lt;\/div&gt;&lt;!&#8211; [et_pb_line_break_holder] &#8211;&gt; &lt;\/div&gt;&lt;!&#8211; [et_pb_line_break_holder] &#8211;&gt;&lt;!&#8211; [et_pb_line_break_holder] &#8211;&gt; &lt;div class=&#8220;svdt-footer-bottom&#8220;&gt;&lt;!&#8211; [et_pb_line_break_holder] &#8211;&gt; &lt;div class=&#8220;svdt-footer-copy&#8220;&gt;&lt;!&#8211; [et_pb_line_break_holder] &#8211;&gt; \u00a9 2026 COW\u00c1RNA z.s. V\u0161echna pr\u00e1va vyhrazena.&lt;!&#8211; [et_pb_line_break_holder] &#8211;&gt; &lt;\/div&gt;&lt;!&#8211; [et_pb_line_break_holder] &#8211;&gt;&lt;!&#8211; [et_pb_line_break_holder] &#8211;&gt; &lt;div class=&#8220;svdt-footer-design&#8220;&gt;&lt;!&#8211; [et_pb_line_break_holder] &#8211;&gt; DESIGNED FOR SPEED&lt;!&#8211; [et_pb_line_break_holder] &#8211;&gt; &lt;\/div&gt;&lt;!&#8211; [et_pb_line_break_holder] &#8211;&gt; &lt;\/div&gt;&lt;!&#8211; [et_pb_line_break_holder] &#8211;&gt; &lt;\/div&gt;&lt;!&#8211; [et_pb_line_break_holder] &#8211;&gt;&lt;\/section&gt;[\/et_pb_fullwidth_code][\/et_pb_section]<\/p>\n","protected":false},"excerpt":{"rendered":"<p>[et_pb_section bb_built=&#8220;1&#8243; fullwidth=&#8220;on&#8220; specialty=&#8220;off&#8220; next_background_color=&#8220;#000000&#8243;][et_pb_fullwidth_code admin_label=&#8220;mapa&#8220; _builder_version=&#8220;3.5.1&#8243;]&lt;section id=&#8220;kontakt-start-cil&#8220; class=&#8220;svdt-section svdt-section&#8211;soft svdt-section&#8211;compact&#8220;&gt;&lt;!&#8211; [et_pb_line_break_holder] &#8211;&gt; &lt;div class=&#8220;svdt-container&#8220;&gt;&lt;!&#8211; [et_pb_line_break_holder] &#8211;&gt;&lt;!&#8211; [et_pb_line_break_holder] &#8211;&gt; &lt;h2 class=&#8220;svdt-section-title&#8220;&gt;&lt;!&#8211; [et_pb_line_break_holder] &#8211;&gt; START A &lt;span&gt;C\u00cdL Z\u00c1VODU&lt;\/span&gt;&lt;!&#8211; [et_pb_line_break_holder] &#8211;&gt; &lt;\/h2&gt;&lt;!&#8211; [et_pb_line_break_holder] &#8211;&gt;&lt;!&#8211; [et_pb_line_break_holder] &#8211;&gt; &lt;p class=&#8220;svdt-section-sub&#8220;&gt;&lt;!&#8211; [et_pb_line_break_holder] &#8211;&gt; V map\u011b n\u00ed\u017ee je zobrazen\u00fd prostor startu na Svat\u00e9 Ho\u0159e a c\u00edl z\u00e1vodu v Pra\u017esk\u00e9 ulici.&lt;!&#8211; [et_pb_line_break_holder] [&hellip;]<\/p>\n","protected":false},"author":1,"featured_media":0,"parent":0,"menu_order":0,"comment_status":"closed","ping_status":"closed","template":"","meta":{"footnotes":""},"class_list":["post-725","page","type-page","status-publish","hentry"],"_links":{"self":[{"href":"https:\/\/svdtpribram.cz\/en\/wp-json\/wp\/v2\/pages\/725","targetHints":{"allow":["GET"]}}],"collection":[{"href":"https:\/\/svdtpribram.cz\/en\/wp-json\/wp\/v2\/pages"}],"about":[{"href":"https:\/\/svdtpribram.cz\/en\/wp-json\/wp\/v2\/types\/page"}],"author":[{"embeddable":true,"href":"https:\/\/svdtpribram.cz\/en\/wp-json\/wp\/v2\/users\/1"}],"replies":[{"embeddable":true,"href":"https:\/\/svdtpribram.cz\/en\/wp-json\/wp\/v2\/comments?post=725"}],"version-history":[{"count":7,"href":"https:\/\/svdtpribram.cz\/en\/wp-json\/wp\/v2\/pages\/725\/revisions"}],"predecessor-version":[{"id":727,"href":"https:\/\/svdtpribram.cz\/en\/wp-json\/wp\/v2\/pages\/725\/revisions\/727"}],"wp:attachment":[{"href":"https:\/\/svdtpribram.cz\/en\/wp-json\/wp\/v2\/media?parent=725"}],"curies":[{"name":"wp","href":"https:\/\/api.w.org\/{rel}","templated":true}]}}